{"id":147,"date":"2016-08-18T17:19:19","date_gmt":"2016-08-18T16:19:19","guid":{"rendered":"http:\/\/www.sound24.cz\/?page_id=147"},"modified":"2016-09-01T16:24:29","modified_gmt":"2016-09-01T15:24:29","slug":"homepage","status":"publish","type":"page","link":"https:\/\/www.sound24.cz\/","title":{"rendered":"Homepage"},"content":{"rendered":"<p>[et_pb_section admin_label=&#8220;section&#8220;][et_pb_row admin_label=&#8220;row&#8220;][et_pb_column type=&#8220;4_4&#8243;][et_pb_text admin_label=&#8220;Text&#8220; background_layout=&#8220;light&#8220; text_orientation=&#8220;left&#8220; use_border_color=&#8220;off&#8220; border_color=&#8220;#ffffff&#8220; border_style=&#8220;solid&#8220;] \n<div id=\"rev_slider_1_1_wrapper\" class=\"rev_slider_wrapper fullwidthbanner-container\" style=\"margin:0px auto;background-color:transparent;padding:0px;margin-top:0px;margin-bottom:0px;\">\n<!-- START REVOLUTION SLIDER 5.2.6 auto mode -->\n\t<div id=\"rev_slider_1_1\" class=\"rev_slider fullwidthabanner\" style=\"display:none;\" data-version=\"5.2.6\">\n<ul>\t<!-- SLIDE  -->\n\t<li data-index=\"rs-8\" data-transition=\"fade\" data-slotamount=\"7\" data-hideafterloop=\"0\" data-hideslideonmobile=\"off\"  data-easein=\"default\" data-easeout=\"default\" data-masterspeed=\"300\"  data-thumb=\"https:\/\/www.sound24.cz\/wp-content\/uploads\/2020\/02\/PCIH001-100x50.jpg\"  data-rotate=\"0\"  data-saveperformance=\"off\"  data-title=\"Slide\" data-param1=\"\" data-param2=\"\" data-param3=\"\" data-param4=\"\" data-param5=\"\" data-param6=\"\" data-param7=\"\" data-param8=\"\" data-param9=\"\" data-param10=\"\" data-description=\"\">\n\t\t<!-- MAIN IMAGE -->\n\t\t<img decoding=\"async\" loading=\"lazy\" src=\"https:\/\/www.sound24.cz\/wp-content\/uploads\/2020\/02\/PCIH001.jpg\"  alt=\"Petrova cihelna hl\" title=\"PCIH001\"  width=\"1600\" height=\"900\" data-bgposition=\"center center\" data-kenburns=\"on\" data-duration=\"4000\" data-ease=\"Linear.easeNone\" data-scalestart=\"110\" data-scaleend=\"100\" data-rotatestart=\"0\" data-rotateend=\"0\" data-offsetstart=\"0 0\" data-offsetend=\"0 0\" class=\"rev-slidebg\" data-no-retina>\n\t\t<!-- LAYERS -->\n\t<\/li>\n\t<!-- SLIDE  -->\n\t<li data-index=\"rs-2\" data-transition=\"fade\" data-slotamount=\"default\" data-hideafterloop=\"0\" data-hideslideonmobile=\"off\"  data-easein=\"default\" data-easeout=\"default\" data-masterspeed=\"300\"  data-link=\"http:\/\/www.sound24.cz\/saly-obrazem\/\"   data-slideindex=\"back\" data-thumb=\"https:\/\/www.sound24.cz\/wp-content\/uploads\/2016\/08\/s24divadlo_900-100x50.jpg\"  data-rotate=\"0\"  data-saveperformance=\"off\"  data-title=\"Divadlo\" data-param1=\"\" data-param2=\"\" data-param3=\"\" data-param4=\"\" data-param5=\"\" data-param6=\"\" data-param7=\"\" data-param8=\"\" data-param9=\"\" data-param10=\"\" data-description=\"\">\n\t\t<!-- MAIN IMAGE -->\n\t\t<img decoding=\"async\" loading=\"lazy\" src=\"https:\/\/www.sound24.cz\/wp-content\/uploads\/2016\/08\/s24divadlo_900.jpg\"  alt=\"\" title=\"s24divadlo_900\"  width=\"1900\" height=\"900\" data-bgposition=\"center center\" data-bgfit=\"cover\" data-bgrepeat=\"no-repeat\" class=\"rev-slidebg\" data-no-retina>\n\t\t<!-- LAYERS -->\n\t<\/li>\n\t<!-- SLIDE  -->\n\t<li data-index=\"rs-3\" data-transition=\"fade\" data-slotamount=\"default\" data-hideafterloop=\"0\" data-hideslideonmobile=\"off\"  data-easein=\"default\" data-easeout=\"default\" data-masterspeed=\"300\"  data-link=\"http:\/\/www.sound24.cz\/klubove-akce-obrazem\/\"   data-slideindex=\"back\" data-thumb=\"https:\/\/www.sound24.cz\/wp-content\/uploads\/2016\/08\/s24jazz_900-100x50.jpg\"  data-rotate=\"0\"  data-saveperformance=\"off\"  data-title=\"Klub\" data-param1=\"\" data-param2=\"\" data-param3=\"\" data-param4=\"\" data-param5=\"\" data-param6=\"\" data-param7=\"\" data-param8=\"\" data-param9=\"\" data-param10=\"\" data-description=\"\">\n\t\t<!-- MAIN IMAGE -->\n\t\t<img decoding=\"async\" loading=\"lazy\" src=\"https:\/\/www.sound24.cz\/wp-content\/uploads\/2016\/08\/s24jazz_900.jpg\"  alt=\"\" title=\"s24jazz_900\"  width=\"1900\" height=\"900\" data-bgposition=\"center center\" data-bgfit=\"cover\" data-bgrepeat=\"no-repeat\" class=\"rev-slidebg\" data-no-retina>\n\t\t<!-- LAYERS -->\n\t<\/li>\n\t<!-- SLIDE  -->\n\t<li data-index=\"rs-4\" data-transition=\"fade\" data-slotamount=\"default\" data-hideafterloop=\"0\" data-hideslideonmobile=\"off\"  data-easein=\"default\" data-easeout=\"default\" data-masterspeed=\"300\"  data-link=\"http:\/\/www.sound24.cz\/zanry-obrazem\/\"   data-slideindex=\"back\" data-thumb=\"https:\/\/www.sound24.cz\/wp-content\/uploads\/2016\/08\/s24rock_900-100x50.jpg\"  data-rotate=\"0\"  data-saveperformance=\"off\"  data-title=\"Rock\" data-param1=\"\" data-param2=\"\" data-param3=\"\" data-param4=\"\" data-param5=\"\" data-param6=\"\" data-param7=\"\" data-param8=\"\" data-param9=\"\" data-param10=\"\" data-description=\"\">\n\t\t<!-- MAIN IMAGE -->\n\t\t<img decoding=\"async\" loading=\"lazy\" src=\"https:\/\/www.sound24.cz\/wp-content\/uploads\/2016\/08\/s24rock_900.jpg\"  alt=\"\" title=\"s24rock_900\"  width=\"1900\" height=\"900\" data-bgposition=\"center center\" data-bgfit=\"cover\" data-bgrepeat=\"no-repeat\" class=\"rev-slidebg\" data-no-retina>\n\t\t<!-- LAYERS -->\n\t<\/li>\n\t<!-- SLIDE  -->\n\t<li data-index=\"rs-5\" data-transition=\"fade\" data-slotamount=\"default\" data-hideafterloop=\"0\" data-hideslideonmobile=\"off\"  data-easein=\"default\" data-easeout=\"default\" data-masterspeed=\"300\"  data-link=\"http:\/\/www.sound24.cz\/nase-vybaveni\/\"   data-slideindex=\"back\" data-thumb=\"https:\/\/www.sound24.cz\/wp-content\/uploads\/2016\/08\/s24pult_900-100x50.jpg\"  data-rotate=\"0\"  data-saveperformance=\"off\"  data-title=\"Technika\" data-param1=\"\" data-param2=\"\" data-param3=\"\" data-param4=\"\" data-param5=\"\" data-param6=\"\" data-param7=\"\" data-param8=\"\" data-param9=\"\" data-param10=\"\" data-description=\"\">\n\t\t<!-- MAIN IMAGE -->\n\t\t<img decoding=\"async\" loading=\"lazy\" src=\"https:\/\/www.sound24.cz\/wp-content\/uploads\/2016\/08\/s24pult_900.jpg\"  alt=\"\" title=\"s24pult_900\"  width=\"1900\" height=\"900\" data-bgposition=\"center center\" data-bgfit=\"cover\" data-bgrepeat=\"no-repeat\" class=\"rev-slidebg\" data-no-retina>\n\t\t<!-- LAYERS -->\n\t<\/li>\n<\/ul>\n<script>var htmlDiv = document.getElementById(\"rs-plugin-settings-inline-css\"); var htmlDivCss=\"\";\r\n\t\t\t\t\t\tif(htmlDiv) {\r\n\t\t\t\t\t\t\thtmlDiv.innerHTML = htmlDiv.innerHTML + htmlDivCss;\r\n\t\t\t\t\t\t}else{\r\n\t\t\t\t\t\t\tvar htmlDiv = document.createElement(\"div\");\r\n\t\t\t\t\t\t\thtmlDiv.innerHTML = \"<style>\" + htmlDivCss + \"<\/style>\";\r\n\t\t\t\t\t\t\tdocument.getElementsByTagName(\"head\")[0].appendChild(htmlDiv.childNodes[0]);\r\n\t\t\t\t\t\t}\r\n\t\t\t\t\t<\/script>\n<div class=\"tp-bannertimer tp-bottom\" style=\"visibility: hidden !important;\"><\/div>\t<\/div>\n<script>var htmlDiv = document.getElementById(\"rs-plugin-settings-inline-css\"); var htmlDivCss=\"\";\r\n\t\t\t\tif(htmlDiv) {\r\n\t\t\t\t\thtmlDiv.innerHTML = htmlDiv.innerHTML + htmlDivCss;\r\n\t\t\t\t}else{\r\n\t\t\t\t\tvar htmlDiv = document.createElement(\"div\");\r\n\t\t\t\t\thtmlDiv.innerHTML = \"<style>\" + htmlDivCss + \"<\/style>\";\r\n\t\t\t\t\tdocument.getElementsByTagName(\"head\")[0].appendChild(htmlDiv.childNodes[0]);\r\n\t\t\t\t}\r\n\t\t\t<\/script>\n\t\t<script type=\"text\/javascript\">\r\n\t\t\t\t\t\t\/******************************************\r\n\t\t\t\t-\tPREPARE PLACEHOLDER FOR SLIDER\t-\r\n\t\t\t******************************************\/\r\n\r\n\t\t\tvar setREVStartSize=function(){\r\n\t\t\t\ttry{var e=new Object,i=jQuery(window).width(),t=9999,r=0,n=0,l=0,f=0,s=0,h=0;\r\n\t\t\t\t\te.c = jQuery('#rev_slider_1_1');\r\n\t\t\t\t\te.gridwidth = [1920];\r\n\t\t\t\t\te.gridheight = [1000];\r\n\t\t\t\t\t\t\t\r\n\t\t\t\t\te.sliderLayout = \"auto\";\r\n\t\t\t\t\tif(e.responsiveLevels&&(jQuery.each(e.responsiveLevels,function(e,f){f>i&&(t=r=f,l=e),i>f&&f>r&&(r=f,n=e)}),t>r&&(l=n)),f=e.gridheight[l]||e.gridheight[0]||e.gridheight,s=e.gridwidth[l]||e.gridwidth[0]||e.gridwidth,h=i\/s,h=h>1?1:h,f=Math.round(h*f),\"fullscreen\"==e.sliderLayout){var u=(e.c.width(),jQuery(window).height());if(void 0!=e.fullScreenOffsetContainer){var c=e.fullScreenOffsetContainer.split(\",\");if (c) jQuery.each(c,function(e,i){u=jQuery(i).length>0?u-jQuery(i).outerHeight(!0):u}),e.fullScreenOffset.split(\"%\").length>1&&void 0!=e.fullScreenOffset&&e.fullScreenOffset.length>0?u-=jQuery(window).height()*parseInt(e.fullScreenOffset,0)\/100:void 0!=e.fullScreenOffset&&e.fullScreenOffset.length>0&&(u-=parseInt(e.fullScreenOffset,0))}f=u}else void 0!=e.minHeight&&f<e.minHeight&&(f=e.minHeight);e.c.closest(\".rev_slider_wrapper\").css({height:f})\r\n\t\t\t\t\t\r\n\t\t\t\t}catch(d){console.log(\"Failure at Presize of Slider:\"+d)}\r\n\t\t\t};\r\n\t\t\t\r\n\t\t\tsetREVStartSize();\r\n\t\t\t\r\n\t\t\t\t\t\tvar tpj=jQuery;\r\n\t\t\t\r\n\t\t\tvar revapi1;\r\n\t\t\ttpj(document).ready(function() {\n\t\t\t\tif(tpj(\"#rev_slider_1_1\").revolution == undefined){\n\t\t\t\t\trevslider_showDoubleJqueryError(\"#rev_slider_1_1\");\n\t\t\t\t}else{\n\t\t\t\t\trevapi1 = tpj(\"#rev_slider_1_1\").show().revolution({\n\t\t\t\t\t\tsliderType:\"standard\",\njsFileLocation:\"\/\/www.sound24.cz\/wp-content\/plugins\/revslider\/public\/assets\/js\/\",\n\t\t\t\t\t\tsliderLayout:\"auto\",\n\t\t\t\t\t\tdottedOverlay:\"none\",\n\t\t\t\t\t\tdelay:4000,\n\t\t\t\t\t\tnavigation: {\n\t\t\t\t\t\t\tkeyboardNavigation:\"off\",\n\t\t\t\t\t\t\tkeyboard_direction: \"horizontal\",\n\t\t\t\t\t\t\tmouseScrollNavigation:\"off\",\n \t\t\t\t\t\t\tmouseScrollReverse:\"default\",\n\t\t\t\t\t\t\tonHoverStop:\"off\",\n\t\t\t\t\t\t\tarrows: {\n\t\t\t\t\t\t\t\tstyle:\"gyges\",\n\t\t\t\t\t\t\t\tenable:true,\n\t\t\t\t\t\t\t\thide_onmobile:true,\n\t\t\t\t\t\t\t\thide_under:900,\n\t\t\t\t\t\t\t\thide_onleave:false,\n\t\t\t\t\t\t\t\ttmp:'',\n\t\t\t\t\t\t\t\tleft: {\n\t\t\t\t\t\t\t\t\th_align:\"left\",\n\t\t\t\t\t\t\t\t\tv_align:\"center\",\n\t\t\t\t\t\t\t\t\th_offset:20,\n\t\t\t\t\t\t\t\t\tv_offset:0\n\t\t\t\t\t\t\t\t},\n\t\t\t\t\t\t\t\tright: {\n\t\t\t\t\t\t\t\t\th_align:\"right\",\n\t\t\t\t\t\t\t\t\tv_align:\"center\",\n\t\t\t\t\t\t\t\t\th_offset:20,\n\t\t\t\t\t\t\t\t\tv_offset:0\n\t\t\t\t\t\t\t\t}\n\t\t\t\t\t\t\t}\n\t\t\t\t\t\t\t,\n\t\t\t\t\t\t\tbullets: {\n\t\t\t\t\t\t\t\tenable:true,\n\t\t\t\t\t\t\t\thide_onmobile:false,\n\t\t\t\t\t\t\t\tstyle:\"\",\n\t\t\t\t\t\t\t\thide_onleave:false,\n\t\t\t\t\t\t\t\tdirection:\"horizontal\",\n\t\t\t\t\t\t\t\th_align:\"center\",\n\t\t\t\t\t\t\t\tv_align:\"bottom\",\n\t\t\t\t\t\t\t\th_offset:0,\n\t\t\t\t\t\t\t\tv_offset:20,\n\t\t\t\t\t\t\t\tspace:5,\n\t\t\t\t\t\t\t\ttmp:'<span class=\"tp-bullet-image\"><\/span><span class=\"tp-bullet-title\"><\/span>'\n\t\t\t\t\t\t\t}\n\t\t\t\t\t\t},\n\t\t\t\t\t\tvisibilityLevels:[1240,1024,778,480],\n\t\t\t\t\t\tgridwidth:1920,\n\t\t\t\t\t\tgridheight:1000,\n\t\t\t\t\t\tlazyType:\"none\",\n\t\t\t\t\t\tshadow:5,\n\t\t\t\t\t\tspinner:\"off\",\n\t\t\t\t\t\tstopLoop:\"off\",\n\t\t\t\t\t\tstopAfterLoops:-1,\n\t\t\t\t\t\tstopAtSlide:-1,\n\t\t\t\t\t\tshuffle:\"off\",\n\t\t\t\t\t\tautoHeight:\"off\",\n\t\t\t\t\t\tdisableProgressBar:\"on\",\n\t\t\t\t\t\thideThumbsOnMobile:\"off\",\n\t\t\t\t\t\thideSliderAtLimit:0,\n\t\t\t\t\t\thideCaptionAtLimit:0,\n\t\t\t\t\t\thideAllCaptionAtLilmit:0,\n\t\t\t\t\t\tdebugMode:false,\n\t\t\t\t\t\tfallbacks: {\n\t\t\t\t\t\t\tsimplifyAll:\"off\",\n\t\t\t\t\t\t\tnextSlideOnWindowFocus:\"off\",\n\t\t\t\t\t\t\tdisableFocusListener:false,\n\t\t\t\t\t\t}\n\t\t\t\t\t});\n\t\t\t\t}\n\t\t\t});\t\/*ready*\/\n\t\t<\/script>\r\n\t\t<\/div><!-- END REVOLUTION SLIDER --> [\/et_pb_text][\/et_pb_column][\/et_pb_row][et_pb_row admin_label=&#8220;\u0158\u00e1dek&#8220;][et_pb_column type=&#8220;2_3&#8243;][et_pb_text admin_label=&#8220;Text&#8220; background_layout=&#8220;light&#8220; text_orientation=&#8220;left&#8220; use_border_color=&#8220;on&#8220; border_color=&#8220;#0c71c3&#8243; border_style=&#8220;solid&#8220; text_font_size=&#8220;18&#8243; text_line_height=&#8220;1.9em&#8220; background_color=&#8220;rgba(50,136,193,0.78)&#8220; header_text_color=&#8220;#ffffff&#8220; text_text_color=&#8220;#ffffff&#8220; custom_padding=&#8220;10px|20px|10px|20px&#8220;]<\/p>\n<p>Sound24 poskytuje ozvu\u010den\u00ed kulturn\u00edch a hudebn\u00edch akc\u00ed. Z\u00e1rove\u0148 nab\u00edz\u00edme slu\u017eby nahr\u00e1vac\u00edho studia, a to jak ve sv\u00fdch prostorech, tak i mo\u017enost studia mobiln\u00edho. Na\u0161e p\u016fsobnost je p\u0159ev\u00e1\u017en\u011b v Praze a St\u0159edn\u00edch \u010cech\u00e1ch, dal\u0161\u00ed lokality jsou mo\u017en\u00e9 po dohod\u011b.<\/p>\n<p><strong>Va\u0161e spokojenost se zvukem od Sound24 je na\u0161e radost.<\/strong><\/p>\n<p>[\/et_pb_text][et_pb_blog admin_label=&#8220;Blog&#8220; fullwidth=&#8220;off&#8220; include_categories=&#8220;5&#8243; show_thumbnail=&#8220;on&#8220; show_content=&#8220;off&#8220; show_more=&#8220;off&#8220; show_author=&#8220;off&#8220; show_date=&#8220;off&#8220; show_categories=&#8220;off&#8220; show_comments=&#8220;off&#8220; show_pagination=&#8220;off&#8220; offset_number=&#8220;0&#8243; use_overlay=&#8220;off&#8220; background_layout=&#8220;light&#8220; use_dropshadow=&#8220;off&#8220; use_border_color=&#8220;off&#8220; border_color=&#8220;#ffffff&#8220; border_style=&#8220;solid&#8220;] [\/et_pb_blog][\/et_pb_column][et_pb_column type=&#8220;1_3&#8243;][et_pb_sidebar admin_label=&#8220;Postrann\u00ed panel&#8220; orientation=&#8220;right&#8220; area=&#8220;sidebar-1&#8243; background_layout=&#8220;light&#8220; remove_border=&#8220;off&#8220;] [\/et_pb_sidebar][\/et_pb_column][\/et_pb_row][\/et_pb_section]<\/p>\n","protected":false},"excerpt":{"rendered":"<p>\n<div id=\"rev_slider_1_2_wrapper\" class=\"rev_slider_wrapper fullwidthbanner-container\" style=\"margin:0px auto;background-color:transparent;padding:0px;margin-top:0px;margin-bottom:0px;\">\n<!-- START REVOLUTION SLIDER 5.2.6 auto mode -->\n\t<div id=\"rev_slider_1_2\" class=\"rev_slider fullwidthabanner\" style=\"display:none;\" data-version=\"5.2.6\">\n<ul>\t<!-- SLIDE  -->\n\t<li data-index=\"rs-8\" data-transition=\"fade\" data-slotamount=\"7\" data-hideafterloop=\"0\" data-hideslideonmobile=\"off\"  data-easein=\"default\" data-easeout=\"default\" data-masterspeed=\"300\"  data-thumb=\"https:\/\/www.sound24.cz\/wp-content\/uploads\/2020\/02\/PCIH001-100x50.jpg\"  data-rotate=\"0\"  data-saveperformance=\"off\"  data-title=\"Slide\" data-param1=\"\" data-param2=\"\" data-param3=\"\" data-param4=\"\" data-param5=\"\" data-param6=\"\" data-param7=\"\" data-param8=\"\" data-param9=\"\" data-param10=\"\" data-description=\"\">\n\t\t<!-- MAIN IMAGE -->\n\t\t<img src=\"https:\/\/www.sound24.cz\/wp-content\/uploads\/2020\/02\/PCIH001.jpg\"  alt=\"Petrova cihelna hl\" title=\"PCIH001\"  width=\"1600\" height=\"900\" data-bgposition=\"center center\" data-kenburns=\"on\" data-duration=\"4000\" data-ease=\"Linear.easeNone\" data-scalestart=\"110\" data-scaleend=\"100\" data-rotatestart=\"0\" data-rotateend=\"0\" data-offsetstart=\"0 0\" data-offsetend=\"0 0\" class=\"rev-slidebg\" data-no-retina>\n\t\t<!-- LAYERS -->\n\t<\/li>\n\t<!-- SLIDE  -->\n\t<li data-index=\"rs-2\" data-transition=\"fade\" data-slotamount=\"default\" data-hideafterloop=\"0\" data-hideslideonmobile=\"off\"  data-easein=\"default\" data-easeout=\"default\" data-masterspeed=\"300\"  data-link=\"http:\/\/www.sound24.cz\/saly-obrazem\/\"   data-slideindex=\"back\" data-thumb=\"https:\/\/www.sound24.cz\/wp-content\/uploads\/2016\/08\/s24divadlo_900-100x50.jpg\"  data-rotate=\"0\"  data-saveperformance=\"off\"  data-title=\"Divadlo\" data-param1=\"\" data-param2=\"\" data-param3=\"\" data-param4=\"\" data-param5=\"\" data-param6=\"\" data-param7=\"\" data-param8=\"\" data-param9=\"\" data-param10=\"\" data-description=\"\">\n\t\t<!-- MAIN IMAGE -->\n\t\t<img src=\"https:\/\/www.sound24.cz\/wp-content\/uploads\/2016\/08\/s24divadlo_900.jpg\"  alt=\"\" title=\"s24divadlo_900\"  width=\"1900\" height=\"900\" data-bgposition=\"center center\" data-bgfit=\"cover\" data-bgrepeat=\"no-repeat\" class=\"rev-slidebg\" data-no-retina>\n\t\t<!-- LAYERS -->\n\t<\/li>\n\t<!-- SLIDE  -->\n\t<li data-index=\"rs-3\" data-transition=\"fade\" data-slotamount=\"default\" data-hideafterloop=\"0\" data-hideslideonmobile=\"off\"  data-easein=\"default\" data-easeout=\"default\" data-masterspeed=\"300\"  data-link=\"http:\/\/www.sound24.cz\/klubove-akce-obrazem\/\"   data-slideindex=\"back\" data-thumb=\"https:\/\/www.sound24.cz\/wp-content\/uploads\/2016\/08\/s24jazz_900-100x50.jpg\"  data-rotate=\"0\"  data-saveperformance=\"off\"  data-title=\"Klub\" data-param1=\"\" data-param2=\"\" data-param3=\"\" data-param4=\"\" data-param5=\"\" data-param6=\"\" data-param7=\"\" data-param8=\"\" data-param9=\"\" data-param10=\"\" data-description=\"\">\n\t\t<!-- MAIN IMAGE -->\n\t\t<img src=\"https:\/\/www.sound24.cz\/wp-content\/uploads\/2016\/08\/s24jazz_900.jpg\"  alt=\"\" title=\"s24jazz_900\"  width=\"1900\" height=\"900\" data-bgposition=\"center center\" data-bgfit=\"cover\" data-bgrepeat=\"no-repeat\" class=\"rev-slidebg\" data-no-retina>\n\t\t<!-- LAYERS -->\n\t<\/li>\n\t<!-- SLIDE  -->\n\t<li data-index=\"rs-4\" data-transition=\"fade\" data-slotamount=\"default\" data-hideafterloop=\"0\" data-hideslideonmobile=\"off\"  data-easein=\"default\" data-easeout=\"default\" data-masterspeed=\"300\"  data-link=\"http:\/\/www.sound24.cz\/zanry-obrazem\/\"   data-slideindex=\"back\" data-thumb=\"https:\/\/www.sound24.cz\/wp-content\/uploads\/2016\/08\/s24rock_900-100x50.jpg\"  data-rotate=\"0\"  data-saveperformance=\"off\"  data-title=\"Rock\" data-param1=\"\" data-param2=\"\" data-param3=\"\" data-param4=\"\" data-param5=\"\" data-param6=\"\" data-param7=\"\" data-param8=\"\" data-param9=\"\" data-param10=\"\" data-description=\"\">\n\t\t<!-- MAIN IMAGE -->\n\t\t<img src=\"https:\/\/www.sound24.cz\/wp-content\/uploads\/2016\/08\/s24rock_900.jpg\"  alt=\"\" title=\"s24rock_900\"  width=\"1900\" height=\"900\" data-bgposition=\"center center\" data-bgfit=\"cover\" data-bgrepeat=\"no-repeat\" class=\"rev-slidebg\" data-no-retina>\n\t\t<!-- LAYERS -->\n\t<\/li>\n\t<!-- SLIDE  -->\n\t<li data-index=\"rs-5\" data-transition=\"fade\" data-slotamount=\"default\" data-hideafterloop=\"0\" data-hideslideonmobile=\"off\"  data-easein=\"default\" data-easeout=\"default\" data-masterspeed=\"300\"  data-link=\"http:\/\/www.sound24.cz\/nase-vybaveni\/\"   data-slideindex=\"back\" data-thumb=\"https:\/\/www.sound24.cz\/wp-content\/uploads\/2016\/08\/s24pult_900-100x50.jpg\"  data-rotate=\"0\"  data-saveperformance=\"off\"  data-title=\"Technika\" data-param1=\"\" data-param2=\"\" data-param3=\"\" data-param4=\"\" data-param5=\"\" data-param6=\"\" data-param7=\"\" data-param8=\"\" data-param9=\"\" data-param10=\"\" data-description=\"\">\n\t\t<!-- MAIN IMAGE -->\n\t\t<img src=\"https:\/\/www.sound24.cz\/wp-content\/uploads\/2016\/08\/s24pult_900.jpg\"  alt=\"\" title=\"s24pult_900\"  width=\"1900\" height=\"900\" data-bgposition=\"center center\" data-bgfit=\"cover\" data-bgrepeat=\"no-repeat\" class=\"rev-slidebg\" data-no-retina>\n\t\t<!-- LAYERS -->\n\t<\/li>\n<\/ul>\n<script>var htmlDiv = document.getElementById(\"rs-plugin-settings-inline-css\"); var htmlDivCss=\"\";\r\n\t\t\t\t\t\tif(htmlDiv) {\r\n\t\t\t\t\t\t\thtmlDiv.innerHTML = htmlDiv.innerHTML + htmlDivCss;\r\n\t\t\t\t\t\t}else{\r\n\t\t\t\t\t\t\tvar htmlDiv = document.createElement(\"div\");\r\n\t\t\t\t\t\t\thtmlDiv.innerHTML = \"<style>\" + htmlDivCss + \"<\/style>\";\r\n\t\t\t\t\t\t\tdocument.getElementsByTagName(\"head\")[0].appendChild(htmlDiv.childNodes[0]);\r\n\t\t\t\t\t\t}\r\n\t\t\t\t\t<\/script>\n<div class=\"tp-bannertimer tp-bottom\" style=\"visibility: hidden !important;\"><\/div>\t<\/div>\n<script>var htmlDiv = document.getElementById(\"rs-plugin-settings-inline-css\"); var htmlDivCss=\"\";\r\n\t\t\t\tif(htmlDiv) {\r\n\t\t\t\t\thtmlDiv.innerHTML = htmlDiv.innerHTML + htmlDivCss;\r\n\t\t\t\t}else{\r\n\t\t\t\t\tvar htmlDiv = document.createElement(\"div\");\r\n\t\t\t\t\thtmlDiv.innerHTML = \"<style>\" + htmlDivCss + \"<\/style>\";\r\n\t\t\t\t\tdocument.getElementsByTagName(\"head\")[0].appendChild(htmlDiv.childNodes[0]);\r\n\t\t\t\t}\r\n\t\t\t<\/script>\n\t\t<script type=\"text\/javascript\">\r\n\t\t\t\t\t\t\/******************************************\r\n\t\t\t\t-\tPREPARE PLACEHOLDER FOR SLIDER\t-\r\n\t\t\t******************************************\/\r\n\r\n\t\t\tvar setREVStartSize=function(){\r\n\t\t\t\ttry{var e=new Object,i=jQuery(window).width(),t=9999,r=0,n=0,l=0,f=0,s=0,h=0;\r\n\t\t\t\t\te.c = jQuery('#rev_slider_1_2');\r\n\t\t\t\t\te.gridwidth = [1920];\r\n\t\t\t\t\te.gridheight = [1000];\r\n\t\t\t\t\t\t\t\r\n\t\t\t\t\te.sliderLayout = \"auto\";\r\n\t\t\t\t\tif(e.responsiveLevels&&(jQuery.each(e.responsiveLevels,function(e,f){f>i&&(t=r=f,l=e),i>f&&f>r&&(r=f,n=e)}),t>r&&(l=n)),f=e.gridheight[l]||e.gridheight[0]||e.gridheight,s=e.gridwidth[l]||e.gridwidth[0]||e.gridwidth,h=i\/s,h=h>1?1:h,f=Math.round(h*f),\"fullscreen\"==e.sliderLayout){var u=(e.c.width(),jQuery(window).height());if(void 0!=e.fullScreenOffsetContainer){var c=e.fullScreenOffsetContainer.split(\",\");if (c) jQuery.each(c,function(e,i){u=jQuery(i).length>0?u-jQuery(i).outerHeight(!0):u}),e.fullScreenOffset.split(\"%\").length>1&&void 0!=e.fullScreenOffset&&e.fullScreenOffset.length>0?u-=jQuery(window).height()*parseInt(e.fullScreenOffset,0)\/100:void 0!=e.fullScreenOffset&&e.fullScreenOffset.length>0&&(u-=parseInt(e.fullScreenOffset,0))}f=u}else void 0!=e.minHeight&&f<e.minHeight&&(f=e.minHeight);e.c.closest(\".rev_slider_wrapper\").css({height:f})\r\n\t\t\t\t\t\r\n\t\t\t\t}catch(d){console.log(\"Failure at Presize of Slider:\"+d)}\r\n\t\t\t};\r\n\t\t\t\r\n\t\t\tsetREVStartSize();\r\n\t\t\t\r\n\t\t\t\t\t\tvar tpj=jQuery;\r\n\t\t\t\r\n\t\t\tvar revapi1;\r\n\t\t\ttpj(document).ready(function() {\n\t\t\t\tif(tpj(\"#rev_slider_1_2\").revolution == undefined){\n\t\t\t\t\trevslider_showDoubleJqueryError(\"#rev_slider_1_2\");\n\t\t\t\t}else{\n\t\t\t\t\trevapi1 = tpj(\"#rev_slider_1_2\").show().revolution({\n\t\t\t\t\t\tsliderType:\"standard\",\njsFileLocation:\"\/\/www.sound24.cz\/wp-content\/plugins\/revslider\/public\/assets\/js\/\",\n\t\t\t\t\t\tsliderLayout:\"auto\",\n\t\t\t\t\t\tdottedOverlay:\"none\",\n\t\t\t\t\t\tdelay:4000,\n\t\t\t\t\t\tnavigation: {\n\t\t\t\t\t\t\tkeyboardNavigation:\"off\",\n\t\t\t\t\t\t\tkeyboard_direction: \"horizontal\",\n\t\t\t\t\t\t\tmouseScrollNavigation:\"off\",\n \t\t\t\t\t\t\tmouseScrollReverse:\"default\",\n\t\t\t\t\t\t\tonHoverStop:\"off\",\n\t\t\t\t\t\t\tarrows: {\n\t\t\t\t\t\t\t\tstyle:\"gyges\",\n\t\t\t\t\t\t\t\tenable:true,\n\t\t\t\t\t\t\t\thide_onmobile:true,\n\t\t\t\t\t\t\t\thide_under:900,\n\t\t\t\t\t\t\t\thide_onleave:false,\n\t\t\t\t\t\t\t\ttmp:'',\n\t\t\t\t\t\t\t\tleft: {\n\t\t\t\t\t\t\t\t\th_align:\"left\",\n\t\t\t\t\t\t\t\t\tv_align:\"center\",\n\t\t\t\t\t\t\t\t\th_offset:20,\n\t\t\t\t\t\t\t\t\tv_offset:0\n\t\t\t\t\t\t\t\t},\n\t\t\t\t\t\t\t\tright: {\n\t\t\t\t\t\t\t\t\th_align:\"right\",\n\t\t\t\t\t\t\t\t\tv_align:\"center\",\n\t\t\t\t\t\t\t\t\th_offset:20,\n\t\t\t\t\t\t\t\t\tv_offset:0\n\t\t\t\t\t\t\t\t}\n\t\t\t\t\t\t\t}\n\t\t\t\t\t\t\t,\n\t\t\t\t\t\t\tbullets: {\n\t\t\t\t\t\t\t\tenable:true,\n\t\t\t\t\t\t\t\thide_onmobile:false,\n\t\t\t\t\t\t\t\tstyle:\"\",\n\t\t\t\t\t\t\t\thide_onleave:false,\n\t\t\t\t\t\t\t\tdirection:\"horizontal\",\n\t\t\t\t\t\t\t\th_align:\"center\",\n\t\t\t\t\t\t\t\tv_align:\"bottom\",\n\t\t\t\t\t\t\t\th_offset:0,\n\t\t\t\t\t\t\t\tv_offset:20,\n\t\t\t\t\t\t\t\tspace:5,\n\t\t\t\t\t\t\t\ttmp:'<span class=\"tp-bullet-image\"><\/span><span class=\"tp-bullet-title\"><\/span>'\n\t\t\t\t\t\t\t}\n\t\t\t\t\t\t},\n\t\t\t\t\t\tvisibilityLevels:[1240,1024,778,480],\n\t\t\t\t\t\tgridwidth:1920,\n\t\t\t\t\t\tgridheight:1000,\n\t\t\t\t\t\tlazyType:\"none\",\n\t\t\t\t\t\tshadow:5,\n\t\t\t\t\t\tspinner:\"off\",\n\t\t\t\t\t\tstopLoop:\"off\",\n\t\t\t\t\t\tstopAfterLoops:-1,\n\t\t\t\t\t\tstopAtSlide:-1,\n\t\t\t\t\t\tshuffle:\"off\",\n\t\t\t\t\t\tautoHeight:\"off\",\n\t\t\t\t\t\tdisableProgressBar:\"on\",\n\t\t\t\t\t\thideThumbsOnMobile:\"off\",\n\t\t\t\t\t\thideSliderAtLimit:0,\n\t\t\t\t\t\thideCaptionAtLimit:0,\n\t\t\t\t\t\thideAllCaptionAtLilmit:0,\n\t\t\t\t\t\tdebugMode:false,\n\t\t\t\t\t\tfallbacks: {\n\t\t\t\t\t\t\tsimplifyAll:\"off\",\n\t\t\t\t\t\t\tnextSlideOnWindowFocus:\"off\",\n\t\t\t\t\t\t\tdisableFocusListener:false,\n\t\t\t\t\t\t}\n\t\t\t\t\t});\n\t\t\t\t}\n\t\t\t});\t\/*ready*\/\n\t\t<\/script>\r\n\t\t<\/div><!-- END REVOLUTION SLIDER --> Sound24 poskytuje ozvu\u010den\u00ed kulturn\u00edch a hudebn\u00edch akc\u00ed. Z\u00e1rove\u0148 nab\u00edz\u00edme slu\u017eby nahr\u00e1vac\u00edho studia, a to jak ve sv\u00fdch prostorech, tak i mo\u017enost studia mobiln\u00edho. Na\u0161e p\u016fsobnost je p\u0159ev\u00e1\u017en\u011b v Praze a St\u0159edn\u00edch \u010cech\u00e1ch, dal\u0161\u00ed lokality jsou mo\u017en\u00e9 po dohod\u011b. Va\u0161e spokojenost se zvukem od Sound24 je na\u0161e radost.<\/p>\n","protected":false},"author":1,"featured_media":0,"parent":0,"menu_order":0,"comment_status":"closed","ping_status":"closed","template":"","meta":{"_et_pb_use_builder":"on","_et_pb_old_content":"","_et_gb_content_width":""},"_links":{"self":[{"href":"https:\/\/www.sound24.cz\/index.php?rest_route=\/wp\/v2\/pages\/147"}],"collection":[{"href":"https:\/\/www.sound24.cz\/index.php?rest_route=\/wp\/v2\/pages"}],"about":[{"href":"https:\/\/www.sound24.cz\/index.php?rest_route=\/wp\/v2\/types\/page"}],"author":[{"embeddable":true,"href":"https:\/\/www.sound24.cz\/index.php?rest_route=\/wp\/v2\/users\/1"}],"replies":[{"embeddable":true,"href":"https:\/\/www.sound24.cz\/index.php?rest_route=%2Fwp%2Fv2%2Fcomments&post=147"}],"version-history":[{"count":29,"href":"https:\/\/www.sound24.cz\/index.php?rest_route=\/wp\/v2\/pages\/147\/revisions"}],"predecessor-version":[{"id":547,"href":"https:\/\/www.sound24.cz\/index.php?rest_route=\/wp\/v2\/pages\/147\/revisions\/547"}],"wp:attachment":[{"href":"https:\/\/www.sound24.cz\/index.php?rest_route=%2Fwp%2Fv2%2Fmedia&parent=147"}],"curies":[{"name":"wp","href":"https:\/\/api.w.org\/{rel}","templated":true}]}}